{"id":709,"date":"2012-05-03T11:53:42","date_gmt":"2012-05-03T11:53:42","guid":{"rendered":"https:\/\/aktaprint.ee\/?page_id=709"},"modified":"2023-03-31T13:21:58","modified_gmt":"2023-03-31T13:21:58","slug":"kartonger-forpackningar","status":"publish","type":"page","link":"https:\/\/aktaprint.ee\/sv\/produkter\/kartonger-forpackningar\/","title":{"rendered":"Kartonger, f\u00f6rpackningar"},"content":{"rendered":"<p><img loading=\"lazy\" decoding=\"async\" class=\"aligncenter size-full wp-image-570\" title=\"karbid\" src=\"https:\/\/aktaprint.ee\/wp-content\/uploads\/2012\/02\/karbid4.jpg\" alt=\"\" width=\"673\" height=\"354\" srcset=\"https:\/\/aktaprint.ee\/wp-content\/uploads\/2012\/02\/karbid4.jpg 673w, https:\/\/aktaprint.ee\/wp-content\/uploads\/2012\/02\/karbid4-300x157.jpg 300w\" sizes=\"auto, (max-width: 673px) 100vw, 673px\" \/><\/p>\n<p>V\u00e5rt produkturval inkluderar \u00e4ven kartonger och f\u00f6rpackningar med specialform, t ex DVD-omslag och CD-omslag.<\/p>\n","protected":false},"excerpt":{"rendered":"<p>V\u00e5rt produkturval inkluderar \u00e4ven kartonger och f\u00f6rpackningar med specialform, t ex DVD-omslag och CD-omslag.<\/p>\n","protected":false},"author":3,"featured_media":0,"parent":646,"menu_order":1,"comment_status":"closed","ping_status":"closed","template":"","meta":{"footnotes":""},"class_list":["post-709","page","type-page","status-publish"],"_links":{"self":[{"href":"https:\/\/aktaprint.ee\/sv\/wp-json\/wp\/v2\/pages\/709","targetHints":{"allow":["GET"]}}],"collection":[{"href":"https:\/\/aktaprint.ee\/sv\/wp-json\/wp\/v2\/pages"}],"about":[{"href":"https:\/\/aktaprint.ee\/sv\/wp-json\/wp\/v2\/types\/page"}],"author":[{"embeddable":true,"href":"https:\/\/aktaprint.ee\/sv\/wp-json\/wp\/v2\/users\/3"}],"replies":[{"embeddable":true,"href":"https:\/\/aktaprint.ee\/sv\/wp-json\/wp\/v2\/comments?post=709"}],"version-history":[{"count":3,"href":"https:\/\/aktaprint.ee\/sv\/wp-json\/wp\/v2\/pages\/709\/revisions"}],"predecessor-version":[{"id":2659,"href":"https:\/\/aktaprint.ee\/sv\/wp-json\/wp\/v2\/pages\/709\/revisions\/2659"}],"up":[{"embeddable":true,"href":"https:\/\/aktaprint.ee\/sv\/wp-json\/wp\/v2\/pages\/646"}],"wp:attachment":[{"href":"https:\/\/aktaprint.ee\/sv\/wp-json\/wp\/v2\/media?parent=709"}],"curies":[{"name":"wp","href":"https:\/\/api.w.org\/{rel}","templated":true}]}}