{"id":703,"date":"2012-05-03T11:52:51","date_gmt":"2012-05-03T11:52:51","guid":{"rendered":"https:\/\/aktaprint.ee\/?page_id=703"},"modified":"2012-05-03T11:52:51","modified_gmt":"2012-05-03T11:52:51","slug":"vykort","status":"publish","type":"page","link":"https:\/\/aktaprint.ee\/sv\/produkter\/vykort\/","title":{"rendered":"Vykort"},"content":{"rendered":"<p><img loading=\"lazy\" decoding=\"async\" src=\"https:\/\/aktaprint.ee\/wp-content\/uploads\/2012\/02\/postkaardid2.jpg\" alt=\"\" title=\"postkaardid\" width=\"673\" height=\"354\" class=\"aligncenter size-full wp-image-581\" srcset=\"https:\/\/aktaprint.ee\/wp-content\/uploads\/2012\/02\/postkaardid2.jpg 673w, https:\/\/aktaprint.ee\/wp-content\/uploads\/2012\/02\/postkaardid2-300x157.jpg 300w\" sizes=\"auto, (max-width: 673px) 100vw, 673px\" \/><\/p>\n<p>Vi trycker vykort, inbjudningskort osv. Vykort kan g\u00f6ras \u00e4nnu mer speciella med olika teknologier: folietryck, dripoff-lack, pr\u00e4gling, UV-lack, laminering, olika stansningsmetoder osv.<\/p>\n","protected":false},"excerpt":{"rendered":"<p>Vi trycker vykort, inbjudningskort osv. Vykort kan g\u00f6ras \u00e4nnu mer speciella med olika teknologier: folietryck, dripoff-lack, pr\u00e4gling, UV-lack, laminering, olika stansningsmetoder osv.<\/p>\n","protected":false},"author":3,"featured_media":0,"parent":646,"menu_order":7,"comment_status":"closed","ping_status":"closed","template":"","meta":{"footnotes":""},"class_list":["post-703","page","type-page","status-publish"],"_links":{"self":[{"href":"https:\/\/aktaprint.ee\/sv\/wp-json\/wp\/v2\/pages\/703","targetHints":{"allow":["GET"]}}],"collection":[{"href":"https:\/\/aktaprint.ee\/sv\/wp-json\/wp\/v2\/pages"}],"about":[{"href":"https:\/\/aktaprint.ee\/sv\/wp-json\/wp\/v2\/types\/page"}],"author":[{"embeddable":true,"href":"https:\/\/aktaprint.ee\/sv\/wp-json\/wp\/v2\/users\/3"}],"replies":[{"embeddable":true,"href":"https:\/\/aktaprint.ee\/sv\/wp-json\/wp\/v2\/comments?post=703"}],"version-history":[{"count":1,"href":"https:\/\/aktaprint.ee\/sv\/wp-json\/wp\/v2\/pages\/703\/revisions"}],"predecessor-version":[{"id":704,"href":"https:\/\/aktaprint.ee\/sv\/wp-json\/wp\/v2\/pages\/703\/revisions\/704"}],"up":[{"embeddable":true,"href":"https:\/\/aktaprint.ee\/sv\/wp-json\/wp\/v2\/pages\/646"}],"wp:attachment":[{"href":"https:\/\/aktaprint.ee\/sv\/wp-json\/wp\/v2\/media?parent=703"}],"curies":[{"name":"wp","href":"https:\/\/api.w.org\/{rel}","templated":true}]}}