{"id":695,"date":"2012-05-03T11:51:10","date_gmt":"2012-05-03T11:51:10","guid":{"rendered":"https:\/\/aktaprint.ee\/?page_id=695"},"modified":"2012-05-03T11:51:10","modified_gmt":"2012-05-03T11:51:10","slug":"flyers-reklamblad","status":"publish","type":"page","link":"https:\/\/aktaprint.ee\/sv\/produkter\/flyers-reklamblad\/","title":{"rendered":"Flyers (reklamblad)"},"content":{"rendered":"<p><img loading=\"lazy\" decoding=\"async\" class=\"aligncenter size-full wp-image-587\" title=\"reklaamlehed-flaierid\" src=\"https:\/\/aktaprint.ee\/wp-content\/uploads\/2012\/02\/reklaamlehed-flaierid1.jpg\" alt=\"\" width=\"673\" height=\"354\" srcset=\"https:\/\/aktaprint.ee\/wp-content\/uploads\/2012\/02\/reklaamlehed-flaierid1.jpg 673w, https:\/\/aktaprint.ee\/wp-content\/uploads\/2012\/02\/reklaamlehed-flaierid1-300x157.jpg 300w\" sizes=\"auto, (max-width: 673px) 100vw, 673px\" \/><\/p>\n<p>Flyers framst\u00e4lls i standardstorlekar A4, A5, A6 eller A65, med tryck p\u00e5 en sida eller b\u00e5da sidor. Reklamblad \u00e4r perfekta f\u00f6r reklam av evenemang, information till konsumenter om priskampanjer osv.<\/p>\n","protected":false},"excerpt":{"rendered":"<p>Flyers framst\u00e4lls i standardstorlekar A4, A5, A6 eller A65, med tryck p\u00e5 en sida eller b\u00e5da sidor. Reklamblad \u00e4r perfekta f\u00f6r reklam av evenemang, information till konsumenter om priskampanjer osv.<\/p>\n","protected":false},"author":3,"featured_media":0,"parent":646,"menu_order":3,"comment_status":"closed","ping_status":"closed","template":"","meta":{"footnotes":""},"class_list":["post-695","page","type-page","status-publish"],"_links":{"self":[{"href":"https:\/\/aktaprint.ee\/sv\/wp-json\/wp\/v2\/pages\/695","targetHints":{"allow":["GET"]}}],"collection":[{"href":"https:\/\/aktaprint.ee\/sv\/wp-json\/wp\/v2\/pages"}],"about":[{"href":"https:\/\/aktaprint.ee\/sv\/wp-json\/wp\/v2\/types\/page"}],"author":[{"embeddable":true,"href":"https:\/\/aktaprint.ee\/sv\/wp-json\/wp\/v2\/users\/3"}],"replies":[{"embeddable":true,"href":"https:\/\/aktaprint.ee\/sv\/wp-json\/wp\/v2\/comments?post=695"}],"version-history":[{"count":1,"href":"https:\/\/aktaprint.ee\/sv\/wp-json\/wp\/v2\/pages\/695\/revisions"}],"predecessor-version":[{"id":696,"href":"https:\/\/aktaprint.ee\/sv\/wp-json\/wp\/v2\/pages\/695\/revisions\/696"}],"up":[{"embeddable":true,"href":"https:\/\/aktaprint.ee\/sv\/wp-json\/wp\/v2\/pages\/646"}],"wp:attachment":[{"href":"https:\/\/aktaprint.ee\/sv\/wp-json\/wp\/v2\/media?parent=695"}],"curies":[{"name":"wp","href":"https:\/\/api.w.org\/{rel}","templated":true}]}}