{"id":693,"date":"2012-05-03T11:50:37","date_gmt":"2012-05-03T11:50:37","guid":{"rendered":"https:\/\/aktaprint.ee\/?page_id=693"},"modified":"2012-05-03T11:50:37","modified_gmt":"2012-05-03T11:50:37","slug":"vikblad","status":"publish","type":"page","link":"https:\/\/aktaprint.ee\/sv\/produkter\/vikblad\/","title":{"rendered":"Vikblad"},"content":{"rendered":"<p><img loading=\"lazy\" decoding=\"async\" src=\"https:\/\/aktaprint.ee\/wp-content\/uploads\/2012\/02\/voldikud2.jpg\" alt=\"\" title=\"voldikud\" width=\"673\" height=\"354\" class=\"aligncenter size-full wp-image-593\" srcset=\"https:\/\/aktaprint.ee\/wp-content\/uploads\/2012\/02\/voldikud2.jpg 673w, https:\/\/aktaprint.ee\/wp-content\/uploads\/2012\/02\/voldikud2-300x157.jpg 300w\" sizes=\"auto, (max-width: 673px) 100vw, 673px\" \/><\/p>\n<p>Ett vikblad \u00e4r en tv\u00e5, tre eller fler g\u00e5nger sammanvikt trycksak som med sin volym f\u00f6rblir mellan en flyer och en broschyr. Vikblad \u00e4r perfekta f\u00f6r t ex reklamtrycksaker som presenterar varor och tj\u00e4nster.<\/p>\n","protected":false},"excerpt":{"rendered":"<p>Ett vikblad \u00e4r en tv\u00e5, tre eller fler g\u00e5nger sammanvikt trycksak som med sin volym f\u00f6rblir mellan en flyer och en broschyr. Vikblad \u00e4r perfekta f\u00f6r t ex reklamtrycksaker som presenterar varor och tj\u00e4nster.<\/p>\n","protected":false},"author":3,"featured_media":0,"parent":646,"menu_order":2,"comment_status":"closed","ping_status":"closed","template":"","meta":{"footnotes":""},"class_list":["post-693","page","type-page","status-publish"],"_links":{"self":[{"href":"https:\/\/aktaprint.ee\/sv\/wp-json\/wp\/v2\/pages\/693","targetHints":{"allow":["GET"]}}],"collection":[{"href":"https:\/\/aktaprint.ee\/sv\/wp-json\/wp\/v2\/pages"}],"about":[{"href":"https:\/\/aktaprint.ee\/sv\/wp-json\/wp\/v2\/types\/page"}],"author":[{"embeddable":true,"href":"https:\/\/aktaprint.ee\/sv\/wp-json\/wp\/v2\/users\/3"}],"replies":[{"embeddable":true,"href":"https:\/\/aktaprint.ee\/sv\/wp-json\/wp\/v2\/comments?post=693"}],"version-history":[{"count":1,"href":"https:\/\/aktaprint.ee\/sv\/wp-json\/wp\/v2\/pages\/693\/revisions"}],"predecessor-version":[{"id":694,"href":"https:\/\/aktaprint.ee\/sv\/wp-json\/wp\/v2\/pages\/693\/revisions\/694"}],"up":[{"embeddable":true,"href":"https:\/\/aktaprint.ee\/sv\/wp-json\/wp\/v2\/pages\/646"}],"wp:attachment":[{"href":"https:\/\/aktaprint.ee\/sv\/wp-json\/wp\/v2\/media?parent=693"}],"curies":[{"name":"wp","href":"https:\/\/api.w.org\/{rel}","templated":true}]}}