{"id":650,"date":"2012-05-03T11:14:25","date_gmt":"2012-05-03T11:14:25","guid":{"rendered":"https:\/\/aktaprint.ee\/?page_id=650"},"modified":"2023-03-31T12:58:13","modified_gmt":"2023-03-31T12:58:13","slug":"kundens-abc","status":"publish","type":"page","link":"https:\/\/aktaprint.ee\/sv\/kundens-abc\/","title":{"rendered":"Kundens ABC"},"content":{"rendered":"<p><strong>Prisf\u00f6rfr\u00e5gan och best\u00e4llning<\/strong><\/p>\n<ol>\n<li>Fr\u00e5ga efter priset f\u00f6r det individuella uppdraget hos v\u00e5r f\u00f6rs\u00e4ljningschef.<\/li>\n<li>Best\u00e4llning sker p\u00e5 basis av skriftlig order och prisoffert.<\/li>\n<li>Filer med designen kan laddas upp i ftp-servern p\u00e5 adress ftp.localhost, s\u00e4ndas via e-post till jaanus@localhost eller l\u00e4mnas in p\u00e5 Aktarepro p\u00e5 en datab\u00e4rare (CD, DVD).<\/li>\n<li>Ftp-serverns anv\u00e4ndarnamn och l\u00f6senord meddelas av Aktaprint. N\u00e4r Du har laddat upp filerna i servern, var god underr\u00e4tta f\u00f6rs\u00e4ljningschefen hos Aktaprint som hanterar Ditt uppdrag.<\/li>\n<li>Det \u00e4r alltid b\u00e4st att s\u00e4nda filerna som pdf- eller tryckfiler (p\u00e5litligare och billigare).<\/li>\n<li>\u00c4ven designfiler (dokumentfiler) kan l\u00e4mnas in. I s\u00e5 fall m\u00e5ste man f\u00f6rs\u00e4kra sig om att alla typsnitt, bilder osv som ska anv\u00e4ndas \u00e4r med. Alla vanligare layout- och designprogram f\u00f6r PC och Mac \u00e4r l\u00e4mpliga (PageMaker, Freehand, QuarkXPress, Corel Draw, Adobe Illustrator).<\/li>\n<\/ol>\n<p><span class=\"info\"><strong>VARNING!<\/strong> Microsoft-mjukvaran (Word, Excel, Powerpoint, Publisher) \u00e4r inte avsedd f\u00f6r f\u00f6rberedelse av trycksaker och vi tar inte emot originalmaterial framst\u00e4llda i dessa program.<\/span><\/p>\n<p><strong>PDF och komposit PostScript-filer<\/strong><\/p>\n<p>Vi f\u00f6redrar att f\u00e5 originalmaterial i form av filer fr\u00e5n kunden, och den b\u00e4sta l\u00f6sningen utg\u00f6rs av komposit-PDF-fil, alternativt komposit PostScript- eller tryckfil som kan betraktas som ett \u00e4mne till PDF. Alla allm\u00e4nt accepterade drivrutiner f\u00f6r skrivare \u00e4r l\u00e4mpliga.<\/p>\n<p>Var god observera f\u00f6ljande n\u00e4r Du f\u00f6rbereder materialet:<\/p>\n<ul class=\"checkbox\">\n<li>dokumentbasen best\u00e4ms utifr\u00e5n tryckmaterialets s k \u201crena\u201d m\u00e5tt, det till\u00e4ggs ett utfall (\u00f6vertryck) p\u00e5 3-5 mm. \u00c4ven vid framst\u00e4llning av tryckfilen f\u00e5r man inte gl\u00f6mma att till\u00e4gga utfall. Utfallets bredd och materialets rena m\u00e5tt anges med f\u00f6rdel i filnamnet. Sidornas ordningsf\u00f6ljd f\u00e5r inte \u00e4ndras och sidor f\u00e5r inte l\u00e4ggas ihop godtyckligt.<\/li>\n<li>Vi till\u00e4gger alla sk\u00e4r- och kompletteringsmarkeringar.<\/li>\n<li>Var god ge filerna enkla och begripliga namn, helst med anknytning till det konkreta uppdraget.<\/li>\n<\/ul>\n<p><strong>Provutskrift och digiproof (Sherpa 24M)<\/strong><\/p>\n<ol>\n<li>F\u00f6r att undvika eventuella fel hos trycksaken (i design, layout, text osv) rekommenderar vi att granska provutskriften som skrivs ut direkt fr\u00e5n filen innan tryckpl\u00e5ten framst\u00e4lls och \u00e4r gratis till kunden. Provutskriften har l\u00e5g uppl\u00f6sning och passar inte f\u00f6r kontroll av f\u00e4rgbalansen.<\/li>\n<li>F\u00e4rgbalansen kontrolleras med hj\u00e4lp av digiproof (sublimering) vars f\u00e4rgtoner n\u00e4rmar sig till klassisk kromalin och tryckt ark. Digiproof best\u00e4lls enligt prislistan vid best\u00e4llning av uppdraget.<\/li>\n<\/ol>\n<p><span class=\"info\"><strong>VARNING<\/strong>! Lita inte p\u00e5 Din datorsk\u00e4rm vid kontroll av f\u00e4rgbalansen!<\/span><\/p>\n<h3><strong>Modell<\/strong><\/h3>\n<ol>\n<li>Var god l\u00e4mna \u00e4ven in en modell p\u00e5 repron med varje order. Modellen \u00e4r ytterst n\u00f6dv\u00e4ndig \u2013 den \u00e4r det enda som m\u00f6jligg\u00f6r att detaljerat kontrollera trycksakens \u00f6verensst\u00e4mmelse med kundens \u00f6nskningar. Modellen b\u00f6r vara vikt p\u00e5 samma s\u00e4tt som det \u00f6nskade slutresultatet.<\/li>\n<li>Om ingen modell har l\u00e4mnats in med ordern ansvarar Aktaprint inte f\u00f6r eventuella fel pga avsaknad av modell.<\/li>\n<\/ol>\n<p>Digiproof (sublimering): 20 eur\/A3<\/p>\n<p><strong>M\u00c4T TV\u00c5 G\u00c5NGER, SK\u00c4R EN G\u00c5NG!<\/strong><\/p>\n<p>FR\u00c5GA ALLTID VID TVEKAN!<\/p>\n","protected":false},"excerpt":{"rendered":"<p>Prisf\u00f6rfr\u00e5gan och best\u00e4llning Fr\u00e5ga efter priset f\u00f6r det individuella uppdraget hos v\u00e5r f\u00f6rs\u00e4ljningschef. Best\u00e4llning sker p\u00e5 basis av skriftlig order och prisoffert. Filer med designen kan laddas upp i ftp-servern p\u00e5 adress ftp.localhost, s\u00e4ndas via e-post till jaanus@localhost eller l\u00e4mnas in p\u00e5 Aktarepro p\u00e5 en datab\u00e4rare (CD, DVD). Ftp-serverns anv\u00e4ndarnamn och l\u00f6senord meddelas av Aktaprint. &#8230; <a title=\"Kundens ABC\" class=\"read-more\" href=\"https:\/\/aktaprint.ee\/sv\/kundens-abc\/\" aria-label=\"L\u00e4s mer om Kundens ABC\">L\u00e4s mer<\/a><\/p>\n","protected":false},"author":3,"featured_media":0,"parent":0,"menu_order":0,"comment_status":"closed","ping_status":"closed","template":"","meta":{"footnotes":""},"class_list":["post-650","page","type-page","status-publish"],"_links":{"self":[{"href":"https:\/\/aktaprint.ee\/sv\/wp-json\/wp\/v2\/pages\/650","targetHints":{"allow":["GET"]}}],"collection":[{"href":"https:\/\/aktaprint.ee\/sv\/wp-json\/wp\/v2\/pages"}],"about":[{"href":"https:\/\/aktaprint.ee\/sv\/wp-json\/wp\/v2\/types\/page"}],"author":[{"embeddable":true,"href":"https:\/\/aktaprint.ee\/sv\/wp-json\/wp\/v2\/users\/3"}],"replies":[{"embeddable":true,"href":"https:\/\/aktaprint.ee\/sv\/wp-json\/wp\/v2\/comments?post=650"}],"version-history":[{"count":5,"href":"https:\/\/aktaprint.ee\/sv\/wp-json\/wp\/v2\/pages\/650\/revisions"}],"predecessor-version":[{"id":1827,"href":"https:\/\/aktaprint.ee\/sv\/wp-json\/wp\/v2\/pages\/650\/revisions\/1827"}],"wp:attachment":[{"href":"https:\/\/aktaprint.ee\/sv\/wp-json\/wp\/v2\/media?parent=650"}],"curies":[{"name":"wp","href":"https:\/\/api.w.org\/{rel}","templated":true}]}}