{"id":713,"date":"2012-05-03T11:54:49","date_gmt":"2012-05-03T11:54:49","guid":{"rendered":"https:\/\/aktaprint.ee\/?page_id=713"},"modified":"2024-06-28T04:57:19","modified_gmt":"2024-06-28T06:57:19","slug":"henkilosto","status":"publish","type":"page","link":"https:\/\/aktaprint.ee\/fi\/kontakt-2\/henkilosto\/","title":{"rendered":"Henkil\u00f6st\u00f6"},"content":{"rendered":"<table class=\"styled\" style=\"width: 99%;\" border=\"0\" cellspacing=\"0\" cellpadding=\"0\">\n<tbody>\n<tr>\n<td valign=\"top\">\n<h1><span style=\"text-decoration: underline;\"><span style=\"font-size: large;\">Myynti<\/span><\/span><\/h1>\n<\/td>\n<\/tr>\n<tr>\n<td valign=\"top\" width=\"33%\"><strong><img loading=\"lazy\" decoding=\"async\" class=\"alignnone size-full wp-image-374\" title=\"Brigitha\" src=\"https:\/\/aktaprint.ee\/wp-content\/uploads\/2018\/10\/Brigitha.jpg\" alt=\"\" width=\"150\" height=\"200\" \/> <\/strong><\/p>\n<div><strong><strong>Brigitha Saaliste<\/strong><\/strong><\/div>\n<\/td>\n<td valign=\"top\" width=\"33%\"><strong><img loading=\"lazy\" decoding=\"async\" class=\"alignnone size-full wp-image-374\" title=\"Eha\" src=\"https:\/\/aktaprint.ee\/wp-content\/uploads\/2015\/03\/EhaUusLr.jpg\" alt=\"\" width=\"150\" height=\"200\" \/><\/strong><\/p>\n<div><strong> <strong><strong>Eha Ots<\/strong><\/strong><\/strong><\/div>\n<\/td>\n<td valign=\"top\" width=\"33%\"><strong><img loading=\"lazy\" decoding=\"async\" class=\"alignnone size-full wp-image-374\" title=\"blank\" src=\"https:\/\/aktaprint.ee\/wp-content\/uploads\/2012\/03\/blank.png\" alt=\"\" width=\"150\" height=\"200\" \/><\/strong><\/p>\n<div><strong> <strong><strong>Marko Reinj\u00e4rv<\/strong><\/strong><\/strong><\/div>\n<\/td>\n<\/tr>\n<tr>\n<td valign=\"top\">Myyntip\u00e4\u00e4llikk\u00f6<\/td>\n<td valign=\"top\">Myynti- ja laatup\u00e4\u00e4llikk\u00f6<\/td>\n<td valign=\"top\">Myyntip\u00e4\u00e4llikk\u00f6<\/td>\n<\/tr>\n<tr>\n<td valign=\"top\"><\/td>\n<td valign=\"top\"><\/td>\n<td valign=\"top\"><\/td>\n<\/tr>\n<tr>\n<td valign=\"top\">Mob: +372 53 488 006<\/td>\n<td valign=\"top\">Mob: +372 50 63 663<\/td>\n<td valign=\"top\">Mob: +372 58 377 759<\/td>\n<\/tr>\n<tr>\n<td valign=\"top\"><a href=\"mailto:brigitha.saaliste@aktaprint.ee\">brigitha.saaliste@aktaprint.ee<\/a><\/td>\n<td valign=\"top\"><a href=\"mailto:eha.ots@aktaprint.ee\">eha.ots@aktaprint.ee<\/a><\/td>\n<td valign=\"top\"><a href=\"mailto:marko.reinjarv@aktaprint.ee\">marko.reinjarv@aktaprint.ee<\/a><\/td>\n<\/tr>\n<tr>\n<td valign=\"top\"><img loading=\"lazy\" decoding=\"async\" class=\"size-full wp-image-785 alignnone\" title=\"et\" src=\"https:\/\/aktaprint.ee\/wp-content\/uploads\/2012\/03\/et.png\" alt=\"\" width=\"18\" height=\"12\" \/> <img loading=\"lazy\" decoding=\"async\" class=\"size-full wp-image-788 alignnone\" title=\"fi\" src=\"https:\/\/aktaprint.ee\/wp-content\/uploads\/2012\/03\/fi.png\" alt=\"\" width=\"18\" height=\"12\" \/> <img loading=\"lazy\" decoding=\"async\" class=\"alignnone size-full wp-image-784\" title=\"en\" src=\"https:\/\/aktaprint.ee\/wp-content\/uploads\/2012\/03\/en.png\" alt=\"\" width=\"18\" height=\"12\" \/><\/td>\n<td valign=\"top\"><img loading=\"lazy\" decoding=\"async\" class=\"size-full wp-image-785 alignnone\" title=\"et\" src=\"https:\/\/aktaprint.ee\/wp-content\/uploads\/2012\/03\/et.png\" alt=\"\" width=\"18\" height=\"12\" \/> <img loading=\"lazy\" decoding=\"async\" class=\"alignnone size-full wp-image-784\" title=\"ru\" src=\"https:\/\/aktaprint.ee\/wp-content\/uploads\/2012\/03\/ru.png\" alt=\"\" width=\"18\" height=\"12\" \/><\/td>\n<td valign=\"top\"><img loading=\"lazy\" decoding=\"async\" class=\"size-full wp-image-785 alignnone\" title=\"et\" src=\"https:\/\/aktaprint.ee\/wp-content\/uploads\/2012\/03\/et.png\" alt=\"\" width=\"18\" height=\"12\" \/> <img loading=\"lazy\" decoding=\"async\" class=\"alignnone size-full wp-image-784\" title=\"en\" src=\"https:\/\/aktaprint.ee\/wp-content\/uploads\/2012\/03\/en.png\" alt=\"\" width=\"18\" height=\"12\" \/> <img loading=\"lazy\" decoding=\"async\" class=\"alignnone size-full wp-image-788\" title=\"ru\" src=\"https:\/\/aktaprint.ee\/wp-content\/uploads\/2012\/03\/ru.png\" alt=\"\" width=\"18\" height=\"12\" \/><\/td>\n<\/tr>\n<tr>\n<td valign=\"top\"><\/td>\n<td valign=\"top\"><\/td>\n<td valign=\"top\"><\/td>\n<\/tr>\n<tr>\n<td valign=\"top\"><\/td>\n<td valign=\"top\"><\/td>\n<td valign=\"top\"><\/td>\n<\/tr>\n<tr>\n<td valign=\"top\">\n<h1><span style=\"text-decoration: underline;\"><span style=\"font-size: large;\">Tuotanto<\/span><\/span><\/h1>\n<\/td>\n<\/tr>\n<tr>\n<td valign=\"top\" width=\"33%\"><strong><img loading=\"lazy\" decoding=\"async\" class=\"alignnone size-full wp-image-374\" title=\"Anne\" src=\"https:\/\/aktaprint.ee\/wp-content\/uploads\/2016\/05\/Anne.jpg\" alt=\"\" width=\"150\" height=\"200\" \/> <\/strong><\/p>\n<div><strong><strong>Anne Vahtra<\/strong><\/strong><\/div>\n<\/td>\n<td valign=\"top\" width=\"33%\"><strong><img loading=\"lazy\" decoding=\"async\" class=\"alignnone size-full wp-image-374\" title=\"Jaanus\" src=\"https:\/\/aktaprint.ee\/wp-content\/uploads\/2015\/03\/JaanusUusLr.jpg\" alt=\"\" width=\"150\" height=\"200\" \/><\/strong><\/p>\n<div><strong><strong>Jaanus P\u00fc\u00fcmann<\/strong><\/strong><\/div>\n<\/td>\n<td valign=\"top\" width=\"33%\"><strong><img loading=\"lazy\" decoding=\"async\" class=\"alignnone size-full wp-image-374\" title=\"Kristina\" src=\"https:\/\/aktaprint.ee\/wp-content\/uploads\/2012\/03\/blank.png\" alt=\"\" width=\"150\" height=\"200\" \/><\/strong><\/p>\n<div><strong> <strong><strong>Karl Savi<\/strong><\/strong><\/strong><\/div>\n<\/td>\n<\/tr>\n<tr>\n<td valign=\"top\">Tuotanto johtaja<\/td>\n<td valign=\"top\">Repron asiantuntija<\/td>\n<td valign=\"top\">Ostop\u00e4\u00e4llikk\u00f6\/Logistikko<\/td>\n<\/tr>\n<tr>\n<td valign=\"top\"><\/td>\n<td valign=\"top\">Tel: +372 681 4194,<\/td>\n<td valign=\"top\"><\/td>\n<\/tr>\n<tr>\n<td valign=\"top\">Mob: +372 5692 2704<\/td>\n<td valign=\"top\">Mob: +372 52 72 375<\/td>\n<td valign=\"top\">Mob: +372 52 27 768<\/td>\n<\/tr>\n<tr>\n<td valign=\"top\"><a href=\"mailto:anne.vahtra@aktaprint.ee\">anne.vahtra@aktaprint.ee<\/a><\/td>\n<td valign=\"top\"><a href=\"mailto:jaanus@aktaprint.ee\">jaanus@aktaprint.ee<\/a><\/td>\n<td valign=\"top\"><a href=\"mailto:karl.savi@aktaprint.ee\">karl.savi@aktaprint.ee<\/a><\/td>\n<\/tr>\n<tr>\n<td valign=\"top\"><img loading=\"lazy\" decoding=\"async\" class=\"size-full wp-image-785 alignnone\" title=\"et\" src=\"https:\/\/aktaprint.ee\/wp-content\/uploads\/2012\/03\/et.png\" alt=\"\" width=\"18\" height=\"12\" \/> <img loading=\"lazy\" decoding=\"async\" class=\"size-full wp-image-788 alignnone\" title=\"en\" src=\"https:\/\/aktaprint.ee\/wp-content\/uploads\/2012\/03\/en.png\" alt=\"\" width=\"18\" height=\"12\" \/> <img loading=\"lazy\" decoding=\"async\" title=\"fi\" src=\"https:\/\/aktaprint.ee\/wp-content\/uploads\/2012\/03\/fi.png\" alt=\"\" width=\"18\" height=\"12\" \/><\/td>\n<td valign=\"top\"><img loading=\"lazy\" decoding=\"async\" class=\"size-full wp-image-785 alignnone\" title=\"et\" src=\"https:\/\/aktaprint.ee\/wp-content\/uploads\/2012\/03\/et.png\" alt=\"\" width=\"18\" height=\"12\" \/> <img loading=\"lazy\" decoding=\"async\" class=\"alignnone size-full wp-image-786\" title=\"fi\" src=\"https:\/\/aktaprint.ee\/wp-content\/uploads\/2012\/03\/fi.png\" alt=\"\" width=\"18\" height=\"12\" \/> <img loading=\"lazy\" decoding=\"async\" class=\"alignnone size-full wp-image-788\" title=\"ru\" src=\"https:\/\/aktaprint.ee\/wp-content\/uploads\/2012\/03\/en.png\" alt=\"\" width=\"18\" height=\"12\" \/> <img loading=\"lazy\" decoding=\"async\" class=\"alignnone size-full wp-image-784\" title=\"en\" src=\"https:\/\/aktaprint.ee\/wp-content\/uploads\/2012\/03\/ru.png\" alt=\"\" width=\"18\" height=\"12\" \/><\/td>\n<td valign=\"top\"><img loading=\"lazy\" decoding=\"async\" class=\"size-full wp-image-785 alignnone\" title=\"et\" src=\"https:\/\/aktaprint.ee\/wp-content\/uploads\/2012\/03\/et.png\" alt=\"\" width=\"18\" height=\"12\" \/> <img loading=\"lazy\" decoding=\"async\" class=\"alignnone size-full wp-image-784\" title=\"en\" src=\"https:\/\/aktaprint.ee\/wp-content\/uploads\/2012\/03\/en.png\" alt=\"\" width=\"18\" height=\"12\" \/><\/td>\n<\/tr>\n<tr>\n<td valign=\"top\"><\/td>\n<td valign=\"top\"><\/td>\n<td valign=\"top\"><\/td>\n<\/tr>\n<tr>\n<td valign=\"top\"><\/td>\n<td valign=\"top\"><\/td>\n<td valign=\"top\"><\/td>\n<\/tr>\n<tr>\n<td valign=\"top\" width=\"33%\"><strong><img loading=\"lazy\" decoding=\"async\" class=\"alignnone size-full wp-image-372\" title=\"Kaido\" src=\"https:\/\/aktaprint.ee\/wp-content\/uploads\/2018\/10\/Kaido.jpg\" alt=\"\" width=\"150\" height=\"200\" \/> <\/strong><\/p>\n<div><strong>Kaido K\u00e4nd<\/strong><\/div>\n<\/td>\n<td valign=\"top\" width=\"33%\"><\/td>\n<td valign=\"top\" width=\"33%\"><\/td>\n<\/tr>\n<tr>\n<td valign=\"top\">Suunnittelija ja projektip\u00e4\u00e4llikk\u00f6<\/td>\n<td valign=\"top\"><\/td>\n<td valign=\"top\"><\/td>\n<\/tr>\n<tr>\n<td valign=\"top\"><\/td>\n<td valign=\"top\"><\/td>\n<td valign=\"top\"><\/td>\n<\/tr>\n<tr>\n<td valign=\"top\">Mob: +372 51 04 942<\/td>\n<td valign=\"top\"><\/td>\n<td valign=\"top\"><\/td>\n<\/tr>\n<tr>\n<td valign=\"top\"><a href=\"mailto:kaido.kand@aktaprint.ee\">kaido.kand@aktaprint.ee<\/a><\/td>\n<td valign=\"top\"><\/td>\n<td valign=\"top\"><\/td>\n<\/tr>\n<tr>\n<td valign=\"top\"><img loading=\"lazy\" decoding=\"async\" class=\"size-full wp-image-785 alignnone\" title=\"et\" src=\"https:\/\/aktaprint.ee\/wp-content\/uploads\/2012\/03\/et.png\" alt=\"\" width=\"18\" height=\"12\" \/> <img loading=\"lazy\" decoding=\"async\" class=\"alignnone size-full wp-image-784\" title=\"en\" src=\"https:\/\/aktaprint.ee\/wp-content\/uploads\/2012\/03\/en.png\" alt=\"\" width=\"18\" height=\"12\" \/> <img loading=\"lazy\" decoding=\"async\" class=\"alignnone size-full wp-image-788\" title=\"ru\" src=\"https:\/\/aktaprint.ee\/wp-content\/uploads\/2012\/03\/ru.png\" alt=\"\" width=\"18\" height=\"12\" \/><\/td>\n<td valign=\"top\"><\/td>\n<td valign=\"top\"><\/td>\n<\/tr>\n<tr>\n<td valign=\"top\"><\/td>\n<td valign=\"top\"><\/td>\n<td valign=\"top\"><\/td>\n<\/tr>\n<tr>\n<td valign=\"top\"><\/td>\n<td valign=\"top\"><\/td>\n<td valign=\"top\"><\/td>\n<\/tr>\n<tr>\n<td valign=\"top\">\n<h1><span style=\"text-decoration: underline;\"><span style=\"font-size: large;\">Hallinto<\/span><\/span><\/h1>\n<\/td>\n<\/tr>\n<tr>\n<td valign=\"top\" width=\"33%\"><strong><img loading=\"lazy\" decoding=\"async\" class=\"alignnone size-full wp-image-374\" title=\"Varje\" src=\"https:\/\/aktaprint.ee\/wp-content\/uploads\/2018\/10\/Varje.jpg\" alt=\"\" width=\"150\" height=\"200\" \/> <\/strong><\/p>\n<div><strong><strong>Varje J\u00e4nes<\/strong><\/strong><\/div>\n<\/td>\n<td valign=\"top\" width=\"33%\"><strong><img loading=\"lazy\" decoding=\"async\" class=\"alignnone size-full wp-image-374\" title=\"Aime lr\" src=\"https:\/\/aktaprint.ee\/wp-content\/uploads\/2012\/03\/blank.png\" alt=\"\" width=\"150\" height=\"200\" \/> <\/strong><\/p>\n<div><\/div>\n<\/td>\n<td valign=\"top\" width=\"33%\"><strong><img loading=\"lazy\" decoding=\"async\" class=\"alignnone size-full wp-image-374\" title=\"Aime lr\" src=\"https:\/\/aktaprint.ee\/wp-content\/uploads\/2012\/03\/blank.png\" alt=\"\" width=\"150\" height=\"200\" \/> <\/strong><\/p>\n<div><\/div>\n<\/td>\n<\/tr>\n<tr>\n<td valign=\"top\">Kirjanpit\u00e4j\u00e4<\/td>\n<td valign=\"top\"><\/td>\n<td valign=\"top\"><\/td>\n<\/tr>\n<tr>\n<td valign=\"top\">Tel: +372 650 7550,<\/td>\n<td valign=\"top\"><\/td>\n<td valign=\"top\"><\/td>\n<\/tr>\n<tr>\n<td valign=\"top\">+372 51 72 370<\/td>\n<td valign=\"top\"><\/td>\n<td valign=\"top\"><\/td>\n<\/tr>\n<tr>\n<td valign=\"top\"><a href=\"mailto:varje.janes@aktaprint.ee\">varje.janes@aktaprint.ee<\/a><\/td>\n<td valign=\"top\"><\/td>\n<td valign=\"top\"><\/td>\n<\/tr>\n<tr>\n<td valign=\"top\"><img loading=\"lazy\" decoding=\"async\" class=\"size-full wp-image-785 alignnone\" title=\"et\" src=\"https:\/\/aktaprint.ee\/wp-content\/uploads\/2012\/03\/et.png\" alt=\"\" width=\"18\" height=\"12\" \/> <img loading=\"lazy\" decoding=\"async\" class=\"alignnone size-full wp-image-784\" title=\"en\" src=\"https:\/\/aktaprint.ee\/wp-content\/uploads\/2012\/03\/en.png\" alt=\"\" width=\"18\" height=\"12\" \/><\/td>\n<td valign=\"top\"><\/td>\n<td valign=\"top\"><\/td>\n<\/tr>\n<tr>\n<td valign=\"top\"><\/td>\n<td valign=\"top\"><\/td>\n<td valign=\"top\"><\/td>\n<\/tr>\n<tr>\n<td valign=\"top\"><\/td>\n<td valign=\"top\"><\/td>\n<td valign=\"top\"><\/td>\n<\/tr>\n<\/tbody>\n<\/table>\n","protected":false},"excerpt":{"rendered":"<p>Myynti Brigitha Saaliste Eha Ots Marko Reinj\u00e4rv Myyntip\u00e4\u00e4llikk\u00f6 Myynti- ja laatup\u00e4\u00e4llikk\u00f6 Myyntip\u00e4\u00e4llikk\u00f6 Mob: +372 53 488 006 Mob: +372 50 63 663 Mob: +372 58 377 759 brigitha.saaliste@aktaprint.ee eha.ots@aktaprint.ee marko.reinjarv@aktaprint.ee Tuotanto Anne Vahtra Jaanus P\u00fc\u00fcmann Karl Savi Tuotanto johtaja Repron asiantuntija Ostop\u00e4\u00e4llikk\u00f6\/Logistikko Tel: +372 681 4194, Mob: +372 5692 2704 Mob: +372 52 72 375 &#8230; <a title=\"Henkil\u00f6st\u00f6\" class=\"read-more\" href=\"https:\/\/aktaprint.ee\/fi\/kontakt-2\/henkilosto\/\" aria-label=\"Read more about Henkil\u00f6st\u00f6\">Read more<\/a><\/p>\n","protected":false},"author":3,"featured_media":0,"parent":660,"menu_order":0,"comment_status":"closed","ping_status":"closed","template":"","meta":{"footnotes":""},"class_list":["post-713","page","type-page","status-publish"],"_links":{"self":[{"href":"https:\/\/aktaprint.ee\/fi\/wp-json\/wp\/v2\/pages\/713","targetHints":{"allow":["GET"]}}],"collection":[{"href":"https:\/\/aktaprint.ee\/fi\/wp-json\/wp\/v2\/pages"}],"about":[{"href":"https:\/\/aktaprint.ee\/fi\/wp-json\/wp\/v2\/types\/page"}],"author":[{"embeddable":true,"href":"https:\/\/aktaprint.ee\/fi\/wp-json\/wp\/v2\/users\/3"}],"replies":[{"embeddable":true,"href":"https:\/\/aktaprint.ee\/fi\/wp-json\/wp\/v2\/comments?post=713"}],"version-history":[{"count":157,"href":"https:\/\/aktaprint.ee\/fi\/wp-json\/wp\/v2\/pages\/713\/revisions"}],"predecessor-version":[{"id":3758,"href":"https:\/\/aktaprint.ee\/fi\/wp-json\/wp\/v2\/pages\/713\/revisions\/3758"}],"up":[{"embeddable":true,"href":"https:\/\/aktaprint.ee\/fi\/wp-json\/wp\/v2\/pages\/660"}],"wp:attachment":[{"href":"https:\/\/aktaprint.ee\/fi\/wp-json\/wp\/v2\/media?parent=713"}],"curies":[{"name":"wp","href":"https:\/\/api.w.org\/{rel}","templated":true}]}}