{"id":686,"date":"2012-05-03T11:48:30","date_gmt":"2012-05-03T11:48:30","guid":{"rendered":"https:\/\/aktaprint.ee\/?page_id=686"},"modified":"2012-05-03T11:48:30","modified_gmt":"2012-05-03T11:48:30","slug":"wobblerit","status":"publish","type":"page","link":"https:\/\/aktaprint.ee\/fi\/tuotteet\/wobblerit\/","title":{"rendered":"Wobblerit"},"content":{"rendered":"<p><img loading=\"lazy\" decoding=\"async\" src=\"https:\/\/aktaprint.ee\/wp-content\/uploads\/2012\/02\/wobblerid2.jpg\" alt=\"\" title=\"wobblerid\" width=\"673\" height=\"354\" class=\"aligncenter size-full wp-image-596\" srcset=\"https:\/\/aktaprint.ee\/wp-content\/uploads\/2012\/02\/wobblerid2.jpg 673w, https:\/\/aktaprint.ee\/wp-content\/uploads\/2012\/02\/wobblerid2-300x157.jpg 300w\" sizes=\"auto, (max-width: 673px) 100vw, 673px\" \/><\/p>\n<p>Wobblerit ovat n\u00e4ytt\u00e4vi\u00e4 mainospainotuotteita, jotka kiinnitt\u00e4v\u00e4t tehokkaasti asiakkaiden huomiota. Valmistamme wobblereita asiakkaan esitt\u00e4m\u00e4n muodon, koon ja designin mukaisesti.<\/p>\n","protected":false},"excerpt":{"rendered":"<p>Wobblerit ovat n\u00e4ytt\u00e4vi\u00e4 mainospainotuotteita, jotka kiinnitt\u00e4v\u00e4t tehokkaasti asiakkaiden huomiota. Valmistamme wobblereita asiakkaan esitt\u00e4m\u00e4n muodon, koon ja designin mukaisesti.<\/p>\n","protected":false},"author":3,"featured_media":0,"parent":645,"menu_order":11,"comment_status":"closed","ping_status":"closed","template":"","meta":{"footnotes":""},"class_list":["post-686","page","type-page","status-publish"],"_links":{"self":[{"href":"https:\/\/aktaprint.ee\/fi\/wp-json\/wp\/v2\/pages\/686","targetHints":{"allow":["GET"]}}],"collection":[{"href":"https:\/\/aktaprint.ee\/fi\/wp-json\/wp\/v2\/pages"}],"about":[{"href":"https:\/\/aktaprint.ee\/fi\/wp-json\/wp\/v2\/types\/page"}],"author":[{"embeddable":true,"href":"https:\/\/aktaprint.ee\/fi\/wp-json\/wp\/v2\/users\/3"}],"replies":[{"embeddable":true,"href":"https:\/\/aktaprint.ee\/fi\/wp-json\/wp\/v2\/comments?post=686"}],"version-history":[{"count":1,"href":"https:\/\/aktaprint.ee\/fi\/wp-json\/wp\/v2\/pages\/686\/revisions"}],"predecessor-version":[{"id":688,"href":"https:\/\/aktaprint.ee\/fi\/wp-json\/wp\/v2\/pages\/686\/revisions\/688"}],"up":[{"embeddable":true,"href":"https:\/\/aktaprint.ee\/fi\/wp-json\/wp\/v2\/pages\/645"}],"wp:attachment":[{"href":"https:\/\/aktaprint.ee\/fi\/wp-json\/wp\/v2\/media?parent=686"}],"curies":[{"name":"wp","href":"https:\/\/api.w.org\/{rel}","templated":true}]}}