{"id":684,"date":"2012-05-03T11:48:02","date_gmt":"2012-05-03T11:48:02","guid":{"rendered":"https:\/\/aktaprint.ee\/?page_id=684"},"modified":"2023-05-31T06:48:31","modified_gmt":"2023-05-31T08:48:31","slug":"kirjat","status":"publish","type":"page","link":"https:\/\/aktaprint.ee\/fi\/tuotteet\/kirjat\/","title":{"rendered":"Kirjat"},"content":{"rendered":"<p><img loading=\"lazy\" decoding=\"async\" src=\"https:\/\/aktaprint.ee\/wp-content\/uploads\/2012\/02\/raamatud3.jpg\" alt=\"\" title=\"raamatud\" width=\"673\" height=\"354\" class=\"aligncenter size-full wp-image-584\" srcset=\"https:\/\/aktaprint.ee\/wp-content\/uploads\/2012\/02\/raamatud3.jpg 673w, https:\/\/aktaprint.ee\/wp-content\/uploads\/2012\/02\/raamatud3-300x157.jpg 300w\" sizes=\"auto, (max-width: 673px) 100vw, 673px\" \/><\/p>\n<p>Painamme ja valmistamme pehme\u00e4- ja kovakantisia kirjoja eri sidontatekniikkaa k\u00e4ytt\u00e4en. Jokainen kirja on hyvin yksil\u00f6llinen ja erillinen sek\u00e4 yhteistoiminnassa myyntip\u00e4\u00e4llik\u00f6n kanssa valitaan aina asiakkaan tarpeisiin sopivin ratkaisu.<\/p>\n","protected":false},"excerpt":{"rendered":"<p>Painamme ja valmistamme pehme\u00e4- ja kovakantisia kirjoja eri sidontatekniikkaa k\u00e4ytt\u00e4en. Jokainen kirja on hyvin yksil\u00f6llinen ja erillinen sek\u00e4 yhteistoiminnassa myyntip\u00e4\u00e4llik\u00f6n kanssa valitaan aina asiakkaan tarpeisiin sopivin ratkaisu.<\/p>\n","protected":false},"author":3,"featured_media":0,"parent":645,"menu_order":9,"comment_status":"closed","ping_status":"closed","template":"","meta":{"footnotes":""},"class_list":["post-684","page","type-page","status-publish"],"_links":{"self":[{"href":"https:\/\/aktaprint.ee\/fi\/wp-json\/wp\/v2\/pages\/684","targetHints":{"allow":["GET"]}}],"collection":[{"href":"https:\/\/aktaprint.ee\/fi\/wp-json\/wp\/v2\/pages"}],"about":[{"href":"https:\/\/aktaprint.ee\/fi\/wp-json\/wp\/v2\/types\/page"}],"author":[{"embeddable":true,"href":"https:\/\/aktaprint.ee\/fi\/wp-json\/wp\/v2\/users\/3"}],"replies":[{"embeddable":true,"href":"https:\/\/aktaprint.ee\/fi\/wp-json\/wp\/v2\/comments?post=684"}],"version-history":[{"count":3,"href":"https:\/\/aktaprint.ee\/fi\/wp-json\/wp\/v2\/pages\/684\/revisions"}],"predecessor-version":[{"id":2736,"href":"https:\/\/aktaprint.ee\/fi\/wp-json\/wp\/v2\/pages\/684\/revisions\/2736"}],"up":[{"embeddable":true,"href":"https:\/\/aktaprint.ee\/fi\/wp-json\/wp\/v2\/pages\/645"}],"wp:attachment":[{"href":"https:\/\/aktaprint.ee\/fi\/wp-json\/wp\/v2\/media?parent=684"}],"curies":[{"name":"wp","href":"https:\/\/api.w.org\/{rel}","templated":true}]}}