{"id":682,"date":"2012-05-03T11:47:30","date_gmt":"2012-05-03T11:47:30","guid":{"rendered":"https:\/\/aktaprint.ee\/?page_id=682"},"modified":"2012-05-03T11:47:30","modified_gmt":"2012-05-03T11:47:30","slug":"asiakirjakansiot","status":"publish","type":"page","link":"https:\/\/aktaprint.ee\/fi\/tuotteet\/asiakirjakansiot\/","title":{"rendered":"Asiakirjakansiot"},"content":{"rendered":"<p><img loading=\"lazy\" decoding=\"async\" class=\"size-full wp-image-557 aligncenter\" title=\"dok kaaned\" src=\"https:\/\/aktaprint.ee\/wp-content\/uploads\/2012\/02\/dok-kaaned1.jpg\" alt=\"\" width=\"673\" height=\"355\" srcset=\"https:\/\/aktaprint.ee\/wp-content\/uploads\/2012\/02\/dok-kaaned1.jpg 748w, https:\/\/aktaprint.ee\/wp-content\/uploads\/2012\/02\/dok-kaaned1-300x158.jpg 300w\" sizes=\"auto, (max-width: 673px) 100vw, 673px\" \/><\/p>\n<p>Asiakirjakansiot on hyv\u00e4 tapa esitt\u00e4\u00e4 yrityksen asiakirjoja arvokkaasti ja mukavasti. Valmistamme asiakirjakansioita asiakkaan valitseman materiaaliin ja muotoon perustaen, asiakirjakansiot voidaan varustaa mm p\u00e4\u00e4llepainatuksella (esimerkiksi yrityksen logo). <\/p>\n","protected":false},"excerpt":{"rendered":"<p>Asiakirjakansiot on hyv\u00e4 tapa esitt\u00e4\u00e4 yrityksen asiakirjoja arvokkaasti ja mukavasti. Valmistamme asiakirjakansioita asiakkaan valitseman materiaaliin ja muotoon perustaen, asiakirjakansiot voidaan varustaa mm p\u00e4\u00e4llepainatuksella (esimerkiksi yrityksen logo).<\/p>\n","protected":false},"author":3,"featured_media":0,"parent":645,"menu_order":8,"comment_status":"closed","ping_status":"closed","template":"","meta":{"footnotes":""},"class_list":["post-682","page","type-page","status-publish"],"_links":{"self":[{"href":"https:\/\/aktaprint.ee\/fi\/wp-json\/wp\/v2\/pages\/682","targetHints":{"allow":["GET"]}}],"collection":[{"href":"https:\/\/aktaprint.ee\/fi\/wp-json\/wp\/v2\/pages"}],"about":[{"href":"https:\/\/aktaprint.ee\/fi\/wp-json\/wp\/v2\/types\/page"}],"author":[{"embeddable":true,"href":"https:\/\/aktaprint.ee\/fi\/wp-json\/wp\/v2\/users\/3"}],"replies":[{"embeddable":true,"href":"https:\/\/aktaprint.ee\/fi\/wp-json\/wp\/v2\/comments?post=682"}],"version-history":[{"count":1,"href":"https:\/\/aktaprint.ee\/fi\/wp-json\/wp\/v2\/pages\/682\/revisions"}],"predecessor-version":[{"id":683,"href":"https:\/\/aktaprint.ee\/fi\/wp-json\/wp\/v2\/pages\/682\/revisions\/683"}],"up":[{"embeddable":true,"href":"https:\/\/aktaprint.ee\/fi\/wp-json\/wp\/v2\/pages\/645"}],"wp:attachment":[{"href":"https:\/\/aktaprint.ee\/fi\/wp-json\/wp\/v2\/media?parent=682"}],"curies":[{"name":"wp","href":"https:\/\/api.w.org\/{rel}","templated":true}]}}