{"id":680,"date":"2012-05-03T11:47:03","date_gmt":"2012-05-03T11:47:03","guid":{"rendered":"https:\/\/aktaprint.ee\/?page_id=680"},"modified":"2012-05-03T11:47:03","modified_gmt":"2012-05-03T11:47:03","slug":"postikortit","status":"publish","type":"page","link":"https:\/\/aktaprint.ee\/fi\/tuotteet\/postikortit\/","title":{"rendered":"Postikortit"},"content":{"rendered":"<p><img loading=\"lazy\" decoding=\"async\" src=\"https:\/\/aktaprint.ee\/wp-content\/uploads\/2012\/02\/postkaardid2.jpg\" alt=\"\" title=\"postkaardid\" width=\"673\" height=\"354\" class=\"aligncenter size-full wp-image-581\" srcset=\"https:\/\/aktaprint.ee\/wp-content\/uploads\/2012\/02\/postkaardid2.jpg 673w, https:\/\/aktaprint.ee\/wp-content\/uploads\/2012\/02\/postkaardid2-300x157.jpg 300w\" sizes=\"auto, (max-width: 673px) 100vw, 673px\" \/><\/p>\n<p>Valmistamme postikortteja, kutsukortteja yms. Postikorttien ulkon\u00e4\u00f6n korostukseen on mahdollista k\u00e4ytt\u00e4\u00e4 eri ratkaisuja: foliointia, dripoff-lakkausta, korkopuristusta, UV-lakkausta, laminointia, eri stanssausmahdollisuuksia yms. <\/p>\n","protected":false},"excerpt":{"rendered":"<p>Valmistamme postikortteja, kutsukortteja yms. Postikorttien ulkon\u00e4\u00f6n korostukseen on mahdollista k\u00e4ytt\u00e4\u00e4 eri ratkaisuja: foliointia, dripoff-lakkausta, korkopuristusta, UV-lakkausta, laminointia, eri stanssausmahdollisuuksia yms.<\/p>\n","protected":false},"author":3,"featured_media":0,"parent":645,"menu_order":7,"comment_status":"closed","ping_status":"closed","template":"","meta":{"footnotes":""},"class_list":["post-680","page","type-page","status-publish"],"_links":{"self":[{"href":"https:\/\/aktaprint.ee\/fi\/wp-json\/wp\/v2\/pages\/680","targetHints":{"allow":["GET"]}}],"collection":[{"href":"https:\/\/aktaprint.ee\/fi\/wp-json\/wp\/v2\/pages"}],"about":[{"href":"https:\/\/aktaprint.ee\/fi\/wp-json\/wp\/v2\/types\/page"}],"author":[{"embeddable":true,"href":"https:\/\/aktaprint.ee\/fi\/wp-json\/wp\/v2\/users\/3"}],"replies":[{"embeddable":true,"href":"https:\/\/aktaprint.ee\/fi\/wp-json\/wp\/v2\/comments?post=680"}],"version-history":[{"count":1,"href":"https:\/\/aktaprint.ee\/fi\/wp-json\/wp\/v2\/pages\/680\/revisions"}],"predecessor-version":[{"id":681,"href":"https:\/\/aktaprint.ee\/fi\/wp-json\/wp\/v2\/pages\/680\/revisions\/681"}],"up":[{"embeddable":true,"href":"https:\/\/aktaprint.ee\/fi\/wp-json\/wp\/v2\/pages\/645"}],"wp:attachment":[{"href":"https:\/\/aktaprint.ee\/fi\/wp-json\/wp\/v2\/media?parent=680"}],"curies":[{"name":"wp","href":"https:\/\/api.w.org\/{rel}","templated":true}]}}