{"id":678,"date":"2012-05-03T11:46:36","date_gmt":"2012-05-03T11:46:36","guid":{"rendered":"https:\/\/aktaprint.ee\/?page_id=678"},"modified":"2023-05-22T04:58:08","modified_gmt":"2023-05-22T06:58:08","slug":"kalenterit","status":"publish","type":"page","link":"https:\/\/aktaprint.ee\/fi\/tuotteet\/kalenterit\/","title":{"rendered":"Kalenterit"},"content":{"rendered":"<p><img loading=\"lazy\" decoding=\"async\" class=\"aligncenter size-full wp-image-574\" title=\"kalendrid\" src=\"https:\/\/aktaprint.ee\/wp-content\/uploads\/2012\/02\/kalendrid2.jpg\" alt=\"\" width=\"673\" height=\"354\" srcset=\"https:\/\/aktaprint.ee\/wp-content\/uploads\/2012\/02\/kalendrid2.jpg 673w, https:\/\/aktaprint.ee\/wp-content\/uploads\/2012\/02\/kalendrid2-300x157.jpg 300w\" sizes=\"auto, (max-width: 673px) 100vw, 673px\" \/><\/p>\n<p>Tuotevalikoimaamme kuuluvat mm erikokoiset ja \u2013muotoiset kierreselk\u00e4iset sek\u00e4 nidotut sein\u00e4- ja p\u00f6yt\u00e4kalenterit.<\/p>\n","protected":false},"excerpt":{"rendered":"<p>Tuotevalikoimaamme kuuluvat mm erikokoiset ja \u2013muotoiset kierreselk\u00e4iset sek\u00e4 nidotut sein\u00e4- ja p\u00f6yt\u00e4kalenterit.<\/p>\n","protected":false},"author":3,"featured_media":0,"parent":645,"menu_order":6,"comment_status":"closed","ping_status":"closed","template":"","meta":{"footnotes":""},"class_list":["post-678","page","type-page","status-publish"],"_links":{"self":[{"href":"https:\/\/aktaprint.ee\/fi\/wp-json\/wp\/v2\/pages\/678","targetHints":{"allow":["GET"]}}],"collection":[{"href":"https:\/\/aktaprint.ee\/fi\/wp-json\/wp\/v2\/pages"}],"about":[{"href":"https:\/\/aktaprint.ee\/fi\/wp-json\/wp\/v2\/types\/page"}],"author":[{"embeddable":true,"href":"https:\/\/aktaprint.ee\/fi\/wp-json\/wp\/v2\/users\/3"}],"replies":[{"embeddable":true,"href":"https:\/\/aktaprint.ee\/fi\/wp-json\/wp\/v2\/comments?post=678"}],"version-history":[{"count":2,"href":"https:\/\/aktaprint.ee\/fi\/wp-json\/wp\/v2\/pages\/678\/revisions"}],"predecessor-version":[{"id":2684,"href":"https:\/\/aktaprint.ee\/fi\/wp-json\/wp\/v2\/pages\/678\/revisions\/2684"}],"up":[{"embeddable":true,"href":"https:\/\/aktaprint.ee\/fi\/wp-json\/wp\/v2\/pages\/645"}],"wp:attachment":[{"href":"https:\/\/aktaprint.ee\/fi\/wp-json\/wp\/v2\/media?parent=678"}],"curies":[{"name":"wp","href":"https:\/\/api.w.org\/{rel}","templated":true}]}}