{"id":674,"date":"2012-05-03T11:45:55","date_gmt":"2012-05-03T11:45:55","guid":{"rendered":"https:\/\/aktaprint.ee\/?page_id=674"},"modified":"2012-05-03T11:45:55","modified_gmt":"2012-05-03T11:45:55","slug":"stanssatut-painotuotteet","status":"publish","type":"page","link":"https:\/\/aktaprint.ee\/fi\/tuotteet\/stanssatut-painotuotteet\/","title":{"rendered":"Stanssatut painotuotteet"},"content":{"rendered":"<p><img loading=\"lazy\" decoding=\"async\" src=\"https:\/\/aktaprint.ee\/wp-content\/uploads\/2012\/02\/stantsitud-tr_kised.jpg\" alt=\"\" title=\"stantsitud tr_kised\" width=\"673\" height=\"354\" class=\"aligncenter size-full wp-image-590\" srcset=\"https:\/\/aktaprint.ee\/wp-content\/uploads\/2012\/02\/stantsitud-tr_kised.jpg 673w, https:\/\/aktaprint.ee\/wp-content\/uploads\/2012\/02\/stantsitud-tr_kised-300x157.jpg 300w\" sizes=\"auto, (max-width: 673px) 100vw, 673px\" \/><\/p>\n<p>Stanssattuina painotuotteina valmistamme p\u00f6yt\u00e4- ja hyllymainoksia, pullonkauluksia yms., jotka ovat eritt\u00e4in vaikuttavia mainosv\u00e4lineit\u00e4. Vakiopainotuotteita on mahdollista valmistaa erimuotoisina ja \u2013v\u00e4risin\u00e4. <\/p>\n","protected":false},"excerpt":{"rendered":"<p>Stanssattuina painotuotteina valmistamme p\u00f6yt\u00e4- ja hyllymainoksia, pullonkauluksia yms., jotka ovat eritt\u00e4in vaikuttavia mainosv\u00e4lineit\u00e4. Vakiopainotuotteita on mahdollista valmistaa erimuotoisina ja \u2013v\u00e4risin\u00e4.<\/p>\n","protected":false},"author":3,"featured_media":0,"parent":645,"menu_order":4,"comment_status":"closed","ping_status":"closed","template":"","meta":{"footnotes":""},"class_list":["post-674","page","type-page","status-publish"],"_links":{"self":[{"href":"https:\/\/aktaprint.ee\/fi\/wp-json\/wp\/v2\/pages\/674","targetHints":{"allow":["GET"]}}],"collection":[{"href":"https:\/\/aktaprint.ee\/fi\/wp-json\/wp\/v2\/pages"}],"about":[{"href":"https:\/\/aktaprint.ee\/fi\/wp-json\/wp\/v2\/types\/page"}],"author":[{"embeddable":true,"href":"https:\/\/aktaprint.ee\/fi\/wp-json\/wp\/v2\/users\/3"}],"replies":[{"embeddable":true,"href":"https:\/\/aktaprint.ee\/fi\/wp-json\/wp\/v2\/comments?post=674"}],"version-history":[{"count":1,"href":"https:\/\/aktaprint.ee\/fi\/wp-json\/wp\/v2\/pages\/674\/revisions"}],"predecessor-version":[{"id":675,"href":"https:\/\/aktaprint.ee\/fi\/wp-json\/wp\/v2\/pages\/674\/revisions\/675"}],"up":[{"embeddable":true,"href":"https:\/\/aktaprint.ee\/fi\/wp-json\/wp\/v2\/pages\/645"}],"wp:attachment":[{"href":"https:\/\/aktaprint.ee\/fi\/wp-json\/wp\/v2\/media?parent=674"}],"curies":[{"name":"wp","href":"https:\/\/api.w.org\/{rel}","templated":true}]}}