{"id":668,"date":"2012-05-03T11:44:07","date_gmt":"2012-05-03T11:44:07","guid":{"rendered":"https:\/\/aktaprint.ee\/?page_id=668"},"modified":"2012-05-03T11:44:07","modified_gmt":"2012-05-03T11:44:07","slug":"esitteet-aikakauslehdet","status":"publish","type":"page","link":"https:\/\/aktaprint.ee\/fi\/tuotteet\/esitteet-aikakauslehdet\/","title":{"rendered":"Esitteet, aikakauslehdet"},"content":{"rendered":"<p style=\"text-align: center;\"><img loading=\"lazy\" decoding=\"async\" class=\"size-full wp-image-552 aligncenter\" title=\"brosurid\" src=\"https:\/\/aktaprint.ee\/wp-content\/uploads\/2012\/02\/brosurid.jpg\" alt=\"\" width=\"673\" height=\"355\" srcset=\"https:\/\/aktaprint.ee\/wp-content\/uploads\/2012\/02\/brosurid.jpg 748w, https:\/\/aktaprint.ee\/wp-content\/uploads\/2012\/02\/brosurid-300x158.jpg 300w\" sizes=\"auto, (max-width: 673px) 100vw, 673px\" \/><\/p>\n<p>Valmistamme sek\u00e4 liima- ja kierreselk\u00e4isi\u00e4 ett\u00e4 nidottuja (mm stiftattuja) esitteit\u00e4 ja aikakauslehti\u00e4. Esite on flyeri\u00e4 tai esittelylehtist\u00e4 kookkaampi painotuote, joka sopii erinomaisesti tavaroiden ja palvelujen mainontaan sek\u00e4 yrityksen esittelyyn. <\/p>\n","protected":false},"excerpt":{"rendered":"<p>Valmistamme sek\u00e4 liima- ja kierreselk\u00e4isi\u00e4 ett\u00e4 nidottuja (mm stiftattuja) esitteit\u00e4 ja aikakauslehti\u00e4. Esite on flyeri\u00e4 tai esittelylehtist\u00e4 kookkaampi painotuote, joka sopii erinomaisesti tavaroiden ja palvelujen mainontaan sek\u00e4 yrityksen esittelyyn.<\/p>\n","protected":false},"author":3,"featured_media":0,"parent":645,"menu_order":2,"comment_status":"closed","ping_status":"closed","template":"","meta":{"footnotes":""},"class_list":["post-668","page","type-page","status-publish"],"_links":{"self":[{"href":"https:\/\/aktaprint.ee\/fi\/wp-json\/wp\/v2\/pages\/668","targetHints":{"allow":["GET"]}}],"collection":[{"href":"https:\/\/aktaprint.ee\/fi\/wp-json\/wp\/v2\/pages"}],"about":[{"href":"https:\/\/aktaprint.ee\/fi\/wp-json\/wp\/v2\/types\/page"}],"author":[{"embeddable":true,"href":"https:\/\/aktaprint.ee\/fi\/wp-json\/wp\/v2\/users\/3"}],"replies":[{"embeddable":true,"href":"https:\/\/aktaprint.ee\/fi\/wp-json\/wp\/v2\/comments?post=668"}],"version-history":[{"count":1,"href":"https:\/\/aktaprint.ee\/fi\/wp-json\/wp\/v2\/pages\/668\/revisions"}],"predecessor-version":[{"id":669,"href":"https:\/\/aktaprint.ee\/fi\/wp-json\/wp\/v2\/pages\/668\/revisions\/669"}],"up":[{"embeddable":true,"href":"https:\/\/aktaprint.ee\/fi\/wp-json\/wp\/v2\/pages\/645"}],"wp:attachment":[{"href":"https:\/\/aktaprint.ee\/fi\/wp-json\/wp\/v2\/media?parent=668"}],"curies":[{"name":"wp","href":"https:\/\/api.w.org\/{rel}","templated":true}]}}