{"id":645,"date":"2012-05-03T11:04:07","date_gmt":"2012-05-03T11:04:07","guid":{"rendered":"https:\/\/aktaprint.ee\/?page_id=645"},"modified":"2012-05-03T12:24:47","modified_gmt":"2012-05-03T12:24:47","slug":"tuotteet","status":"publish","type":"page","link":"https:\/\/aktaprint.ee\/fi\/tuotteet\/","title":{"rendered":"Tuotteet"},"content":{"rendered":"<h2><a title=\"Esitteet, aikakauslehdet\" href=\"https:\/\/aktaprint.ee\/fi\/tuotteet\/esitteet-aikakauslehdet\/\">Esitteet, aikakauslehdet<\/a>:<\/h2>\n<p>Valmistamme sek\u00e4 liima- ja kierreselk\u00e4isi\u00e4 ett\u00e4 nidottuja (mm stiftattuja) esitteit\u00e4 ja aikakauslehti\u00e4. Esite on flyeri\u00e4 tai esittelylehtist\u00e4 kookkaampi painotuote, joka sopii erinomaisesti tavaroiden ja palvelujen mainontaan sek\u00e4 yrityksen esittelyyn.<\/p>\n<h2><a title=\"Esittelylehtiset\" href=\"https:\/\/aktaprint.ee\/fi\/tuotteet\/esittelylehtiset\/\">Esittelylehtiset<\/a>:<\/h2>\n<p>Esittelylehtinen on kaksi, kolme tai enemm\u00e4n kertoja kokoon taitettu mitoiltaan flyerin ja esitteen v\u00e4linen painotuote. Esittelylehtiset sopivat erinomaisesti esimerkiksi tavaroiden ja palvelujen mainontaan.<\/p>\n<h2><a title=\"Flyerit (mainoslehtiset)\" href=\"https:\/\/aktaprint.ee\/fi\/tuotteet\/flyerit-mainoslehtiset\/\">Flyerit (mainoslehtiset)<\/a>:<\/h2>\n<p>Valmistamme vakiokokoisia A4, A5, A6 tai A65 flyereit\u00e4 yksi- tai kaksipuolisella painatuksella. Flyerit sopivat erinomaisesti tapahtumien mainontaan, alennuksista tiedottamiseen kuluttajille yms.<\/p>\n<h2><a title=\"Stanssatut painotuotteet\" href=\"https:\/\/aktaprint.ee\/fi\/tuotteet\/stanssatut-painotuotteet\/\">Stanssatut painotuotteet<\/a>:<\/h2>\n<p>Stanssattuina painotuotteina valmistamme p\u00f6yt\u00e4- ja hyllymainoksia, pullonkauluksia yms., jotka ovat eritt\u00e4in vaikuttavia mainosv\u00e4lineit\u00e4. Vakiopainotuotteita on mahdollista valmistaa erimuotoisina ja \u2013v\u00e4risin\u00e4.<\/p>\n<h2><a title=\"Julisteet\" href=\"https:\/\/aktaprint.ee\/fi\/tuotteet\/julisteet\/\">Julisteet<\/a>:<\/h2>\n<p>Painamme erikokoisia julisteita. Julisteet on erinomainen v\u00e4line eri tapahtumien mainostamiseen.<\/p>\n<h2><a title=\"Kalenterit\" href=\"https:\/\/aktaprint.ee\/fi\/tuotteet\/kalenterit\/\">Kalenterit<\/a>:<\/h2>\n<p>Tuotevalikoimaamme kuuluvat mm erikokoiset ja \u2013muotoiset kierreselk\u00e4iset sek\u00e4 nidotut sein\u00e4- ja p\u00f6yt\u00e4kalenterit.<\/p>\n<h2><a title=\"Postikortit\" href=\"https:\/\/aktaprint.ee\/fi\/tuotteet\/postikortit\/\">Postikortit<\/a>:<\/h2>\n<p>Valmistamme postikortteja, kutsukortteja yms. Postikorttien ulkon\u00e4\u00f6n korostukseen on mahdollista k\u00e4ytt\u00e4\u00e4 eri ratkaisuja: foliointia, dripoff-lakkausta, korkopuristusta, UV-lakkausta, laminointia, eri stanssausmahdollisuuksia yms.<\/p>\n<h2><a title=\"Asiakirjakansiot\" href=\"https:\/\/aktaprint.ee\/fi\/tuotteet\/asiakirjakansiot\/\">Asiakirjakansiot<\/a>:<\/h2>\n<p>Asiakirjakansiot on hyv\u00e4 tapa esitt\u00e4\u00e4 yrityksen asiakirjoja arvokkaasti ja mukavasti. Valmistamme asiakirjakansioita asiakkaan valitseman materiaaliin ja muotoon perustaen, asiakirjakansiot voidaan varustaa mm p\u00e4\u00e4llepainatuksella (esimerkiksi yrityksen logo).<\/p>\n<h2><a title=\"Kirjat\" href=\"https:\/\/aktaprint.ee\/fi\/tuotteet\/kirjat\/\">Kirjat<\/a>:<\/h2>\n<p>Painamme ja valmistamme pehme\u00e4- ja kovakantisia kirjoja eri sidontatekniikkaa k\u00e4ytt\u00e4en. Jokainen kirja on hyvin yksil\u00f6llinen ja erillinen sek\u00e4 yhteistoiminnassa myyntip\u00e4\u00e4llik\u00f6n kanssa valitaan aina asiakkaan tarpeisiin sopivin ratkaisu.<\/p>\n<h2><a title=\"Laatikot, pakkaukset\" href=\"https:\/\/aktaprint.ee\/fi\/tuotteet\/laatikot-pakkaukset\/\">Laatikot, pakkaukset<\/a>:<\/h2>\n<p>Tuotevalikoimaamme kuuluvat mm erimuotoiset laatikot ja pakkaukset, esimerkiksi DVD- ja CD-kuoret.<\/p>\n<h2><a title=\"Wobblerit\" href=\"https:\/\/aktaprint.ee\/fi\/tuotteet\/wobblerit\/\">Wobblerit<\/a>:<\/h2>\n<p>Wobblerit ovat n\u00e4ytt\u00e4vi\u00e4 mainospainotuotteita, jotka kiinnitt\u00e4v\u00e4t tehokkaasti asiakkaiden huomiota. Valmistamme wobblereita asiakkaan esitt\u00e4m\u00e4n muodon, koon ja designin mukaisesti.<\/p>\n","protected":false},"excerpt":{"rendered":"<p>Esitteet, aikakauslehdet: Valmistamme sek\u00e4 liima- ja kierreselk\u00e4isi\u00e4 ett\u00e4 nidottuja (mm stiftattuja) esitteit\u00e4 ja aikakauslehti\u00e4. Esite on flyeri\u00e4 tai esittelylehtist\u00e4 kookkaampi painotuote, joka sopii erinomaisesti tavaroiden ja palvelujen mainontaan sek\u00e4 yrityksen esittelyyn. Esittelylehtiset: Esittelylehtinen on kaksi, kolme tai enemm\u00e4n kertoja kokoon taitettu mitoiltaan flyerin ja esitteen v\u00e4linen painotuote. Esittelylehtiset sopivat erinomaisesti esimerkiksi tavaroiden ja palvelujen mainontaan. &#8230; <a title=\"Tuotteet\" class=\"read-more\" href=\"https:\/\/aktaprint.ee\/fi\/tuotteet\/\" aria-label=\"Read more about Tuotteet\">Read more<\/a><\/p>\n","protected":false},"author":3,"featured_media":0,"parent":0,"menu_order":0,"comment_status":"closed","ping_status":"closed","template":"","meta":{"footnotes":""},"class_list":["post-645","page","type-page","status-publish"],"_links":{"self":[{"href":"https:\/\/aktaprint.ee\/fi\/wp-json\/wp\/v2\/pages\/645","targetHints":{"allow":["GET"]}}],"collection":[{"href":"https:\/\/aktaprint.ee\/fi\/wp-json\/wp\/v2\/pages"}],"about":[{"href":"https:\/\/aktaprint.ee\/fi\/wp-json\/wp\/v2\/types\/page"}],"author":[{"embeddable":true,"href":"https:\/\/aktaprint.ee\/fi\/wp-json\/wp\/v2\/users\/3"}],"replies":[{"embeddable":true,"href":"https:\/\/aktaprint.ee\/fi\/wp-json\/wp\/v2\/comments?post=645"}],"version-history":[{"count":3,"href":"https:\/\/aktaprint.ee\/fi\/wp-json\/wp\/v2\/pages\/645\/revisions"}],"predecessor-version":[{"id":777,"href":"https:\/\/aktaprint.ee\/fi\/wp-json\/wp\/v2\/pages\/645\/revisions\/777"}],"wp:attachment":[{"href":"https:\/\/aktaprint.ee\/fi\/wp-json\/wp\/v2\/media?parent=645"}],"curies":[{"name":"wp","href":"https:\/\/api.w.org\/{rel}","templated":true}]}}