{"id":641,"date":"2012-05-03T10:56:16","date_gmt":"2012-05-03T10:56:16","guid":{"rendered":"https:\/\/aktaprint.ee\/?page_id=641"},"modified":"2023-05-31T06:47:40","modified_gmt":"2023-05-31T08:47:40","slug":"etusivu","status":"publish","type":"page","link":"https:\/\/aktaprint.ee\/fi\/","title":{"rendered":"Etusivu"},"content":{"rendered":"<p><a href=\"https:\/\/aktaprint.ee\/wp-content\/uploads\/2012\/03\/avalehe-foto-8x19-cm-lr.jpg\"><img loading=\"lazy\" decoding=\"async\" class=\"alignnone size-full wp-image-538\" title=\"avalehe foto 8x19 cm lr\" src=\"https:\/\/aktaprint.ee\/wp-content\/uploads\/2012\/03\/avalehe-foto-8x19-cm-lr.jpg\" alt=\"\" width=\"673\" height=\"284\" srcset=\"https:\/\/aktaprint.ee\/wp-content\/uploads\/2012\/03\/avalehe-foto-8x19-cm-lr.jpg 748w, https:\/\/aktaprint.ee\/wp-content\/uploads\/2012\/03\/avalehe-foto-8x19-cm-lr-300x126.jpg 300w\" sizes=\"auto, (max-width: 673px) 100vw, 673px\" \/><\/a><\/p>\n<p>Aktaprint on vuonna 2000 perustettu offset-painotekniikkaan erikoistunut yritys.<\/p>\n<p>Tuotteisiimme kuuluvat korkealaatuiset painotuotteet monipuolisilla j\u00e4lkik\u00e4sittelymahdollisuuksilla: esitteet, aikakauslehdet, esittelylehtiset, flyerit, stanssatut tuotteet, julisteet, kalenterit, postikortit, asiakirjakansiot, kirjat, laatikot, pakkaukset, wobblerit yms.<\/p>\n<p>T\u00e4m\u00e4n lis\u00e4ksi tarjoamme painotuotteita t\u00e4ydent\u00e4v\u00e4\u00e4 ja arvoa lis\u00e4\u00e4v\u00e4\u00e4 k\u00e4sittely\u00e4: folionti, preeglaus, vesilakkaus, drip-off-lakkaus, UV-lakkaus, laminointi.<\/p>\n<p>Aktaprintissa ty\u00f6skentelev\u00e4t kokeneet huippuasiantuntijat, joiden tavoitteena on tarjota yst\u00e4v\u00e4llist\u00e4 ja joustavaa palvelua parhaalla hinta-laatu suhteella.<\/p>\n","protected":false},"excerpt":{"rendered":"<p>Aktaprint on vuonna 2000 perustettu offset-painotekniikkaan erikoistunut yritys. Tuotteisiimme kuuluvat korkealaatuiset painotuotteet monipuolisilla j\u00e4lkik\u00e4sittelymahdollisuuksilla: esitteet, aikakauslehdet, esittelylehtiset, flyerit, stanssatut tuotteet, julisteet, kalenterit, postikortit, asiakirjakansiot, kirjat, laatikot, pakkaukset, wobblerit yms. T\u00e4m\u00e4n lis\u00e4ksi tarjoamme painotuotteita t\u00e4ydent\u00e4v\u00e4\u00e4 ja arvoa lis\u00e4\u00e4v\u00e4\u00e4 k\u00e4sittely\u00e4: folionti, preeglaus, vesilakkaus, drip-off-lakkaus, UV-lakkaus, laminointi. Aktaprintissa ty\u00f6skentelev\u00e4t kokeneet huippuasiantuntijat, joiden tavoitteena on tarjota yst\u00e4v\u00e4llist\u00e4 ja joustavaa &#8230; <a title=\"Etusivu\" class=\"read-more\" href=\"https:\/\/aktaprint.ee\/fi\/\" aria-label=\"Read more about Etusivu\">Read more<\/a><\/p>\n","protected":false},"author":3,"featured_media":0,"parent":0,"menu_order":0,"comment_status":"closed","ping_status":"closed","template":"","meta":{"footnotes":""},"class_list":["post-641","page","type-page","status-publish"],"_links":{"self":[{"href":"https:\/\/aktaprint.ee\/fi\/wp-json\/wp\/v2\/pages\/641","targetHints":{"allow":["GET"]}}],"collection":[{"href":"https:\/\/aktaprint.ee\/fi\/wp-json\/wp\/v2\/pages"}],"about":[{"href":"https:\/\/aktaprint.ee\/fi\/wp-json\/wp\/v2\/types\/page"}],"author":[{"embeddable":true,"href":"https:\/\/aktaprint.ee\/fi\/wp-json\/wp\/v2\/users\/3"}],"replies":[{"embeddable":true,"href":"https:\/\/aktaprint.ee\/fi\/wp-json\/wp\/v2\/comments?post=641"}],"version-history":[{"count":4,"href":"https:\/\/aktaprint.ee\/fi\/wp-json\/wp\/v2\/pages\/641\/revisions"}],"predecessor-version":[{"id":2731,"href":"https:\/\/aktaprint.ee\/fi\/wp-json\/wp\/v2\/pages\/641\/revisions\/2731"}],"wp:attachment":[{"href":"https:\/\/aktaprint.ee\/fi\/wp-json\/wp\/v2\/media?parent=641"}],"curies":[{"name":"wp","href":"https:\/\/api.w.org\/{rel}","templated":true}]}}